{"id":5764,"date":"2025-06-05T17:15:33","date_gmt":"2025-06-05T22:15:33","guid":{"rendered":"https:\/\/mariomuscariello.us\/?page_id=5764"},"modified":"2025-06-06T03:23:05","modified_gmt":"2025-06-06T08:23:05","slug":"products-tie-3-folders","status":"publish","type":"page","link":"https:\/\/mariomuscariello.us\/pt\/products-tie-3-folders\/","title":{"rendered":"PRODUCTS \/ TIE \/ SANGIORGIO"},"content":{"rendered":"<div data-elementor-type=\"wp-page\" data-elementor-id=\"5764\" class=\"elementor elementor-5764\" data-elementor-post-type=\"page\">\n\t\t\t\t\t\t<section class=\"elementor-section elementor-top-section elementor-element elementor-element-6d3388f elementor-section-full_width elementor-section-height-default elementor-section-height-default\" data-id=\"6d3388f\" data-element_type=\"section\" data-e-type=\"section\">\n\t\t\t\t\t\t<div class=\"elementor-container elementor-column-gap-default\">\n\t\t\t\t\t<div class=\"elementor-column elementor-col-100 elementor-top-column elementor-element elementor-element-10f98a3\" data-id=\"10f98a3\" data-element_type=\"column\" data-e-type=\"column\">\n\t\t\t<div class=\"elementor-widget-wrap elementor-element-populated\">\n\t\t\t\t\t\t<div class=\"elementor-element elementor-element-d18b635 elementor--h-position-center elementor--v-position-middle elementor-arrows-position-inside elementor-pagination-position-inside elementor-widget elementor-widget-slides\" data-id=\"d18b635\" data-element_type=\"widget\" data-e-type=\"widget\" data-settings=\"{&quot;navigation&quot;:&quot;both&quot;,&quot;autoplay&quot;:&quot;yes&quot;,&quot;pause_on_hover&quot;:&quot;yes&quot;,&quot;pause_on_interaction&quot;:&quot;yes&quot;,&quot;autoplay_speed&quot;:5000,&quot;infinite&quot;:&quot;yes&quot;,&quot;transition&quot;:&quot;slide&quot;,&quot;transition_speed&quot;:500}\" data-widget_type=\"slides.default\">\n\t\t\t\t<div class=\"elementor-widget-container\">\n\t\t\t\t\t\t\t\t\t<div class=\"elementor-swiper\">\n\t\t\t\t\t<div class=\"elementor-slides-wrapper elementor-main-swiper swiper\" role=\"region\" aria-roledescription=\"carousel\" aria-label=\"Slides\" dir=\"ltr\" data-animation=\"fadeInUp\">\n\t\t\t\t<div class=\"swiper-wrapper elementor-slides\">\n\t\t\t\t\t\t\t\t\t\t<div class=\"elementor-repeater-item-0d868ae swiper-slide\" role=\"group\" aria-roledescription=\"slide\"><div class=\"swiper-slide-bg\" role=\"img\" aria-label=\"\"><\/div><div class=\"swiper-slide-inner\" ><div class=\"swiper-slide-contents\"><\/div><\/div><\/div>\t\t\t\t<\/div>\n\t\t\t\t\t\t\t<\/div>\n\t\t\t\t<\/div>\n\t\t\t\t\t\t\t\t<\/div>\n\t\t\t\t<\/div>\n\t\t\t\t\t<\/div>\n\t\t<\/div>\n\t\t\t\t\t<\/div>\n\t\t<\/section>\n\t\t\t\t<section class=\"elementor-section elementor-top-section elementor-element elementor-element-a1bd44c elementor-section-boxed elementor-section-height-default elementor-section-height-default\" data-id=\"a1bd44c\" data-element_type=\"section\" data-e-type=\"section\" data-settings=\"{&quot;background_background&quot;:&quot;gradient&quot;}\">\n\t\t\t\t\t\t<div class=\"elementor-container elementor-column-gap-default\">\n\t\t\t\t\t<div class=\"elementor-column elementor-col-25 elementor-top-column elementor-element elementor-element-f76c789\" data-id=\"f76c789\" data-element_type=\"column\" data-e-type=\"column\">\n\t\t\t<div class=\"elementor-widget-wrap\">\n\t\t\t\t\t\t\t<\/div>\n\t\t<\/div>\n\t\t\t\t<div class=\"elementor-column elementor-col-50 elementor-top-column elementor-element elementor-element-2621d0e\" data-id=\"2621d0e\" data-element_type=\"column\" data-e-type=\"column\">\n\t\t\t<div class=\"elementor-widget-wrap elementor-element-populated\">\n\t\t\t\t\t\t<div class=\"elementor-element elementor-element-63efb56 elementor-widget elementor-widget-heading\" data-id=\"63efb56\" data-element_type=\"widget\" data-e-type=\"widget\" data-widget_type=\"heading.default\">\n\t\t\t\t<div class=\"elementor-widget-container\">\n\t\t\t\t\t<h2 class=\"elementor-heading-title elementor-size-default\">SAN GIORGIO<\/h2>\t\t\t\t<\/div>\n\t\t\t\t<\/div>\n\t\t\t\t<div class=\"elementor-element elementor-element-eac9dd5 elementor-widget elementor-widget-heading\" data-id=\"eac9dd5\" data-element_type=\"widget\" data-e-type=\"widget\" data-widget_type=\"heading.default\">\n\t\t\t\t<div class=\"elementor-widget-container\">\n\t\t\t\t\t<h2 class=\"elementor-heading-title elementor-size-default\">Essential tradition, Neapolitan soul<\/h2>\t\t\t\t<\/div>\n\t\t\t\t<\/div>\n\t\t\t\t<div class=\"elementor-element elementor-element-853c9c1 elementor-widget elementor-widget-text-editor\" data-id=\"853c9c1\" data-element_type=\"widget\" data-e-type=\"widget\" data-widget_type=\"text-editor.default\">\n\t\t\t\t<div class=\"elementor-widget-container\">\n\t\t\t\t\t\t\t\t\t<blockquote><p data-start=\"310\" data-end=\"598\">The <strong data-start=\"314\" data-end=\"331\">\u201cSan Giorgio\u201d<\/strong> is our take on the <strong data-start=\"351\" data-end=\"377\">classic three-fold tie<\/strong>, crafted without interlining and entirely sewn by hand \u2014 a nod to the understated elegance of Neapolitan tailoring and the rich heritage of <strong data-start=\"518\" data-end=\"543\">San Giorgio a Cremano<\/strong>, once renowned for its refined neckwear craftsmanship.<\/p><p data-start=\"600\" data-end=\"895\">Its <strong data-start=\"604\" data-end=\"643\">unlined and unstructured wide blade<\/strong> gives the tie a soft, natural drape, allowing it to knot with ease and grace. The <strong data-start=\"726\" data-end=\"741\">three folds<\/strong> provide subtle volume without stiffness, making this tie effortlessly elegant \u2014 ideal for the modern gentleman who appreciates simplicity with character.<\/p><p data-start=\"897\" data-end=\"1206\">We included the \u201cSan Giorgio\u201d in our collection to <strong data-start=\"948\" data-end=\"983\">honor a nearly forgotten legacy<\/strong>: that of the artisans from San Giorgio a Cremano, who, for generations, helped define the art of the Italian tie. Today, their tradition lives on through refined details and hand-finished craftsmanship \u2014 just as it should.<\/p><\/blockquote>\t\t\t\t\t\t\t\t<\/div>\n\t\t\t\t<\/div>\n\t\t\t\t\t<\/div>\n\t\t<\/div>\n\t\t\t\t<div class=\"elementor-column elementor-col-25 elementor-top-column elementor-element elementor-element-0e82e8c\" data-id=\"0e82e8c\" data-element_type=\"column\" data-e-type=\"column\">\n\t\t\t<div class=\"elementor-widget-wrap\">\n\t\t\t\t\t\t\t<\/div>\n\t\t<\/div>\n\t\t\t\t\t<\/div>\n\t\t<\/section>\n\t\t\t\t<section class=\"elementor-section elementor-top-section elementor-element elementor-element-dc2a02a elementor-section-full_width elementor-section-height-default elementor-section-height-default\" data-id=\"dc2a02a\" data-element_type=\"section\" data-e-type=\"section\" data-settings=\"{&quot;background_background&quot;:&quot;gradient&quot;}\">\n\t\t\t\t\t\t<div class=\"elementor-container elementor-column-gap-default\">\n\t\t\t\t\t<div class=\"elementor-column elementor-col-100 elementor-top-column elementor-element elementor-element-13df607\" data-id=\"13df607\" data-element_type=\"column\" data-e-type=\"column\">\n\t\t\t<div class=\"elementor-widget-wrap elementor-element-populated\">\n\t\t\t\t\t\t<div class=\"elementor-element elementor-element-fc9e2a6 elementor-grid-3 elementor-product-loop-item--align-center elementor-grid-tablet-3 elementor-grid-mobile-2 elementor-products-grid elementor-wc-products elementor-widget elementor-widget-woocommerce-products\" data-id=\"fc9e2a6\" data-element_type=\"widget\" data-e-type=\"widget\" data-widget_type=\"woocommerce-products.default\">\n\t\t\t\t<div class=\"elementor-widget-container\">\n\t\t\t\t\t<div class=\"woocommerce columns-3\"><ul class=\"products elementor-grid columns-3\">\n<li class=\"product type-product post-4242 status-publish first onbackorder product_cat-event product_cat-man product_cat-shirt has-post-thumbnail taxable shipping-taxable purchasable product-type-variable\">\n\t<a href=\"https:\/\/mariomuscariello.us\/pt\/produto\/san-carlo-03\/\" class=\"woocommerce-LoopProduct-link woocommerce-loop-product__link\"><img fetchpriority=\"high\" decoding=\"async\" width=\"300\" height=\"300\" src=\"https:\/\/mariomuscariello.us\/wp-content\/uploads\/2024\/01\/SANCARLO-03-300x300.jpg\" class=\"attachment-woocommerce_thumbnail size-woocommerce_thumbnail\" alt=\"SAN CARLO\" srcset=\"https:\/\/mariomuscariello.us\/wp-content\/uploads\/2024\/01\/SANCARLO-03-300x300.jpg 300w, https:\/\/mariomuscariello.us\/wp-content\/uploads\/2024\/01\/SANCARLO-03-1024x1024.jpg 1024w, https:\/\/mariomuscariello.us\/wp-content\/uploads\/2024\/01\/SANCARLO-03-150x150.jpg 150w, https:\/\/mariomuscariello.us\/wp-content\/uploads\/2024\/01\/SANCARLO-03-768x768.jpg 768w, https:\/\/mariomuscariello.us\/wp-content\/uploads\/2024\/01\/SANCARLO-03-1536x1536.jpg 1536w, https:\/\/mariomuscariello.us\/wp-content\/uploads\/2024\/01\/SANCARLO-03-12x12.jpg 12w, https:\/\/mariomuscariello.us\/wp-content\/uploads\/2024\/01\/SANCARLO-03-600x600.jpg 600w, https:\/\/mariomuscariello.us\/wp-content\/uploads\/2024\/01\/SANCARLO-03-100x100.jpg 100w, https:\/\/mariomuscariello.us\/wp-content\/uploads\/2024\/01\/SANCARLO-03.jpg 2048w\" sizes=\"(max-width: 300px) 100vw, 300px\" \/><h2 class=\"woocommerce-loop-product__title\">SAN CARLO<\/h2>\n\t<span class=\"price\"><span class=\"woocommerce-Price-amount amount\" aria-hidden=\"true\"><bdi><span class=\"woocommerce-Price-currencySymbol\">&#36;<\/span>630.00<\/bdi><\/span> <span aria-hidden=\"true\">&ndash;<\/span> <span class=\"woocommerce-Price-amount amount\" aria-hidden=\"true\"><bdi><span class=\"woocommerce-Price-currencySymbol\">&#36;<\/span>760.00<\/bdi><\/span><span class=\"screen-reader-text\" data-no-translation=\"\" data-trp-gettext=\"\">Price range: &#36;630.00 through &#36;760.00<\/span><\/span>\n<\/a><a href=\"https:\/\/mariomuscariello.us\/pt\/produto\/san-carlo-03\/\" aria-describedby=\"woocommerce_loop_add_to_cart_link_describedby_4242\" data-quantity=\"1\" class=\"button product_type_variable add_to_cart_button\" data-product_id=\"4242\" data-product_sku=\"\" aria-label=\"Selecione as op\u00e7\u00f5es para \u201cSAN CARLO\u201d\" rel=\"nofollow\" data-product_price=\"630\" data-product_name=\"SAN CARLO\" data-google_product_id=\"\" data-no-translation=\"\" data-trp-gettext=\"\" data-no-translation-aria-label=\"\">Ver op\u00e7\u00f5es<\/a>\t<span id=\"woocommerce_loop_add_to_cart_link_describedby_4242\" class=\"screen-reader-text\">\n\t\tEste produto tem v\u00e1rias variantes. As op\u00e7\u00f5es podem ser escolhidas na p\u00e1gina do produto\t<\/span>\n<\/li>\n<li class=\"product type-product post-4239 status-publish onbackorder product_cat-event product_cat-man product_cat-shirt has-post-thumbnail taxable shipping-taxable purchasable product-type-variable\">\n\t<a href=\"https:\/\/mariomuscariello.us\/pt\/produto\/san-carlo-02\/\" class=\"woocommerce-LoopProduct-link woocommerce-loop-product__link\"><img decoding=\"async\" width=\"300\" height=\"300\" src=\"https:\/\/mariomuscariello.us\/wp-content\/uploads\/2024\/01\/SANCARLO-02-300x300.jpg\" class=\"attachment-woocommerce_thumbnail size-woocommerce_thumbnail\" alt=\"SAN CARLO\" srcset=\"https:\/\/mariomuscariello.us\/wp-content\/uploads\/2024\/01\/SANCARLO-02-300x300.jpg 300w, https:\/\/mariomuscariello.us\/wp-content\/uploads\/2024\/01\/SANCARLO-02-1024x1024.jpg 1024w, https:\/\/mariomuscariello.us\/wp-content\/uploads\/2024\/01\/SANCARLO-02-150x150.jpg 150w, https:\/\/mariomuscariello.us\/wp-content\/uploads\/2024\/01\/SANCARLO-02-768x768.jpg 768w, https:\/\/mariomuscariello.us\/wp-content\/uploads\/2024\/01\/SANCARLO-02-12x12.jpg 12w, https:\/\/mariomuscariello.us\/wp-content\/uploads\/2024\/01\/SANCARLO-02-600x600.jpg 600w, https:\/\/mariomuscariello.us\/wp-content\/uploads\/2024\/01\/SANCARLO-02-100x100.jpg 100w, https:\/\/mariomuscariello.us\/wp-content\/uploads\/2024\/01\/SANCARLO-02.jpg 1512w\" sizes=\"(max-width: 300px) 100vw, 300px\" \/><h2 class=\"woocommerce-loop-product__title\">SAN CARLO<\/h2>\n\t<span class=\"price\"><span class=\"woocommerce-Price-amount amount\" aria-hidden=\"true\"><bdi><span class=\"woocommerce-Price-currencySymbol\">&#36;<\/span>630.00<\/bdi><\/span> <span aria-hidden=\"true\">&ndash;<\/span> <span class=\"woocommerce-Price-amount amount\" aria-hidden=\"true\"><bdi><span class=\"woocommerce-Price-currencySymbol\">&#36;<\/span>760.00<\/bdi><\/span><span class=\"screen-reader-text\" data-no-translation=\"\" data-trp-gettext=\"\">Price range: &#36;630.00 through &#36;760.00<\/span><\/span>\n<\/a><a href=\"https:\/\/mariomuscariello.us\/pt\/produto\/san-carlo-02\/\" aria-describedby=\"woocommerce_loop_add_to_cart_link_describedby_4239\" data-quantity=\"1\" class=\"button product_type_variable add_to_cart_button\" data-product_id=\"4239\" data-product_sku=\"\" aria-label=\"Selecione as op\u00e7\u00f5es para \u201cSAN CARLO\u201d\" rel=\"nofollow\" data-product_price=\"630\" data-product_name=\"SAN CARLO\" data-google_product_id=\"\" data-no-translation=\"\" data-trp-gettext=\"\" data-no-translation-aria-label=\"\">Ver op\u00e7\u00f5es<\/a>\t<span id=\"woocommerce_loop_add_to_cart_link_describedby_4239\" class=\"screen-reader-text\">\n\t\tEste produto tem v\u00e1rias variantes. As op\u00e7\u00f5es podem ser escolhidas na p\u00e1gina do produto\t<\/span>\n<\/li>\n<li class=\"product type-product post-4233 status-publish last onbackorder product_cat-event product_cat-man product_cat-shirt has-post-thumbnail taxable shipping-taxable purchasable product-type-variable\">\n\t<a href=\"https:\/\/mariomuscariello.us\/pt\/produto\/san-carlo-01\/\" class=\"woocommerce-LoopProduct-link woocommerce-loop-product__link\"><img decoding=\"async\" width=\"300\" height=\"300\" src=\"https:\/\/mariomuscariello.us\/wp-content\/uploads\/2024\/01\/SANCARLO-01-300x300.jpg\" class=\"attachment-woocommerce_thumbnail size-woocommerce_thumbnail\" alt=\"SAN CARLO\" srcset=\"https:\/\/mariomuscariello.us\/wp-content\/uploads\/2024\/01\/SANCARLO-01-300x300.jpg 300w, https:\/\/mariomuscariello.us\/wp-content\/uploads\/2024\/01\/SANCARLO-01-1024x1024.jpg 1024w, https:\/\/mariomuscariello.us\/wp-content\/uploads\/2024\/01\/SANCARLO-01-150x150.jpg 150w, https:\/\/mariomuscariello.us\/wp-content\/uploads\/2024\/01\/SANCARLO-01-768x768.jpg 768w, https:\/\/mariomuscariello.us\/wp-content\/uploads\/2024\/01\/SANCARLO-01-1536x1536.jpg 1536w, https:\/\/mariomuscariello.us\/wp-content\/uploads\/2024\/01\/SANCARLO-01-12x12.jpg 12w, https:\/\/mariomuscariello.us\/wp-content\/uploads\/2024\/01\/SANCARLO-01-600x600.jpg 600w, https:\/\/mariomuscariello.us\/wp-content\/uploads\/2024\/01\/SANCARLO-01-100x100.jpg 100w, https:\/\/mariomuscariello.us\/wp-content\/uploads\/2024\/01\/SANCARLO-01.jpg 2048w\" sizes=\"(max-width: 300px) 100vw, 300px\" \/><h2 class=\"woocommerce-loop-product__title\">SAN CARLO<\/h2>\n\t<span class=\"price\"><span class=\"woocommerce-Price-amount amount\" aria-hidden=\"true\"><bdi><span class=\"woocommerce-Price-currencySymbol\">&#36;<\/span>630.00<\/bdi><\/span> <span aria-hidden=\"true\">&ndash;<\/span> <span class=\"woocommerce-Price-amount amount\" aria-hidden=\"true\"><bdi><span class=\"woocommerce-Price-currencySymbol\">&#36;<\/span>760.00<\/bdi><\/span><span class=\"screen-reader-text\" data-no-translation=\"\" data-trp-gettext=\"\">Price range: &#36;630.00 through &#36;760.00<\/span><\/span>\n<\/a><a href=\"https:\/\/mariomuscariello.us\/pt\/produto\/san-carlo-01\/\" aria-describedby=\"woocommerce_loop_add_to_cart_link_describedby_4233\" data-quantity=\"1\" class=\"button product_type_variable add_to_cart_button\" data-product_id=\"4233\" data-product_sku=\"\" aria-label=\"Selecione as op\u00e7\u00f5es para \u201cSAN CARLO\u201d\" rel=\"nofollow\" data-product_price=\"630\" data-product_name=\"SAN CARLO\" data-google_product_id=\"\" data-no-translation=\"\" data-trp-gettext=\"\" data-no-translation-aria-label=\"\">Ver op\u00e7\u00f5es<\/a>\t<span id=\"woocommerce_loop_add_to_cart_link_describedby_4233\" class=\"screen-reader-text\">\n\t\tEste produto tem v\u00e1rias variantes. As op\u00e7\u00f5es podem ser escolhidas na p\u00e1gina do produto\t<\/span>\n<\/li>\n<\/ul>\n<\/div>\t\t\t\t<\/div>\n\t\t\t\t<\/div>\n\t\t\t\t\t<\/div>\n\t\t<\/div>\n\t\t\t\t\t<\/div>\n\t\t<\/section>\n\t\t\t\t<\/div>","protected":false},"excerpt":{"rendered":"<p>SAN GIORGIO Essential tradition, Neapolitan soul The \u201cSan Giorgio\u201d is our take on the classic three-fold tie, crafted without interlining and entirely sewn by hand \u2014 a nod to the understated elegance of Neapolitan tailoring and the rich heritage of San Giorgio a Cremano, once renowned for its refined neckwear craftsmanship. Its unlined and unstructured [&hellip;]<\/p>\n","protected":false},"author":1,"featured_media":0,"parent":0,"menu_order":0,"comment_status":"closed","ping_status":"closed","template":"","meta":{"_monsterinsights_skip_tracking":false,"_monsterinsights_sitenote_active":false,"_monsterinsights_sitenote_note":"","_monsterinsights_sitenote_category":0,"footnotes":""},"class_list":["post-5764","page","type-page","status-publish","hentry"],"yoast_head":"<!-- This site is optimized with the Yoast SEO plugin v27.4 - https:\/\/yoast.com\/product\/yoast-seo-wordpress\/ -->\n<title>PRODUCTS \/ TIE \/ SANGIORGIO - MARIO MUSCARIELLO \u00ae | Official Website MARIO MUSCARIELLO \u00a9<\/title>\n<meta name=\"robots\" content=\"index, follow, max-snippet:-1, max-image-preview:large, max-video-preview:-1\" \/>\n<link rel=\"canonical\" href=\"https:\/\/mariomuscariello.us\/pt\/products-tie-3-folders\/\" \/>\n<meta property=\"og:locale\" content=\"pt_BR\" \/>\n<meta property=\"og:type\" content=\"article\" \/>\n<meta property=\"og:title\" content=\"PRODUCTS \/ TIE \/ SANGIORGIO - MARIO MUSCARIELLO \u00ae | Official Website MARIO MUSCARIELLO \u00a9\" \/>\n<meta property=\"og:description\" content=\"SAN GIORGIO Essential tradition, Neapolitan soul The \u201cSan Giorgio\u201d is our take on the classic three-fold tie, crafted without interlining and entirely sewn by hand \u2014 a nod to the understated elegance of Neapolitan tailoring and the rich heritage of San Giorgio a Cremano, once renowned for its refined neckwear craftsmanship. Its unlined and unstructured [&hellip;]\" \/>\n<meta property=\"og:url\" content=\"https:\/\/mariomuscariello.us\/pt\/products-tie-3-folders\/\" \/>\n<meta property=\"og:site_name\" content=\"MARIO MUSCARIELLO \u00ae | Official Website MARIO MUSCARIELLO \u00a9\" \/>\n<meta property=\"article:publisher\" content=\"https:\/\/www.facebook.com\/mario.muscariello.52\" \/>\n<meta property=\"article:modified_time\" content=\"2025-06-06T08:23:05+00:00\" \/>\n<meta name=\"twitter:card\" content=\"summary_large_image\" \/>\n<meta name=\"twitter:label1\" content=\"Est. tempo de leitura\" \/>\n\t<meta name=\"twitter:data1\" content=\"1 minuto\" \/>\n<script type=\"application\/ld+json\" class=\"yoast-schema-graph\">{\"@context\":\"https:\\\/\\\/schema.org\",\"@graph\":[{\"@type\":\"WebPage\",\"@id\":\"https:\\\/\\\/mariomuscariello.us\\\/products-tie-3-folders\\\/\",\"url\":\"https:\\\/\\\/mariomuscariello.us\\\/products-tie-3-folders\\\/\",\"name\":\"PRODUCTS \\\/ TIE \\\/ SANGIORGIO - MARIO MUSCARIELLO \u00ae | Official Website MARIO MUSCARIELLO \u00a9\",\"isPartOf\":{\"@id\":\"https:\\\/\\\/mariomuscariello.us\\\/#website\"},\"datePublished\":\"2025-06-05T22:15:33+00:00\",\"dateModified\":\"2025-06-06T08:23:05+00:00\",\"breadcrumb\":{\"@id\":\"https:\\\/\\\/mariomuscariello.us\\\/products-tie-3-folders\\\/#breadcrumb\"},\"inLanguage\":\"pt-BR\",\"potentialAction\":[{\"@type\":\"ReadAction\",\"target\":[\"https:\\\/\\\/mariomuscariello.us\\\/products-tie-3-folders\\\/\"]}]},{\"@type\":\"BreadcrumbList\",\"@id\":\"https:\\\/\\\/mariomuscariello.us\\\/products-tie-3-folders\\\/#breadcrumb\",\"itemListElement\":[{\"@type\":\"ListItem\",\"position\":1,\"name\":\"Home\",\"item\":\"https:\\\/\\\/mariomuscariello.us\\\/\"},{\"@type\":\"ListItem\",\"position\":2,\"name\":\"PRODUCTS \\\/ TIE \\\/ SANGIORGIO\"}]},{\"@type\":\"WebSite\",\"@id\":\"https:\\\/\\\/mariomuscariello.us\\\/#website\",\"url\":\"https:\\\/\\\/mariomuscariello.us\\\/\",\"name\":\"MARIO MUSCARIELLO \u00ae | Official Website MARIO MUSCARIELLO \u00a9\",\"description\":\"Neapolitan shirts. Handcrafted since 1890\",\"publisher\":{\"@id\":\"https:\\\/\\\/mariomuscariello.us\\\/#organization\"},\"potentialAction\":[{\"@type\":\"SearchAction\",\"target\":{\"@type\":\"EntryPoint\",\"urlTemplate\":\"https:\\\/\\\/mariomuscariello.us\\\/?s={search_term_string}\"},\"query-input\":{\"@type\":\"PropertyValueSpecification\",\"valueRequired\":true,\"valueName\":\"search_term_string\"}}],\"inLanguage\":\"pt-BR\"},{\"@type\":\"Organization\",\"@id\":\"https:\\\/\\\/mariomuscariello.us\\\/#organization\",\"name\":\"MARIO MUSCARIELLO\",\"url\":\"https:\\\/\\\/mariomuscariello.us\\\/\",\"logo\":{\"@type\":\"ImageObject\",\"inLanguage\":\"pt-BR\",\"@id\":\"https:\\\/\\\/mariomuscariello.us\\\/#\\\/schema\\\/logo\\\/image\\\/\",\"url\":\"https:\\\/\\\/secureservercdn.net\\\/198.71.233.203\\\/r2e.500.myftpupload.com\\\/wp-content\\\/uploads\\\/2021\\\/12\\\/1623079571420.jpeg?time=1645377825\",\"contentUrl\":\"https:\\\/\\\/secureservercdn.net\\\/198.71.233.203\\\/r2e.500.myftpupload.com\\\/wp-content\\\/uploads\\\/2021\\\/12\\\/1623079571420.jpeg?time=1645377825\",\"width\":800,\"height\":800,\"caption\":\"MARIO MUSCARIELLO\"},\"image\":{\"@id\":\"https:\\\/\\\/mariomuscariello.us\\\/#\\\/schema\\\/logo\\\/image\\\/\"},\"sameAs\":[\"https:\\\/\\\/www.facebook.com\\\/mario.muscariello.52\",\"https:\\\/\\\/www.instagram.com\\\/mariomuscariello\\\/\",\"https:\\\/\\\/www.linkedin.com\\\/in\\\/mario-muscariello-2b619268\\\/\",\"https:\\\/\\\/ja.wikipedia.org\\\/wiki\\\/\u30de\u30ea\u30aa\u30fb\u30e0\u30b9\u30ab\u30ea\u30a8\u30c3\u30ed\"]}]}<\/script>\n<!-- \/ Yoast SEO plugin. -->","yoast_head_json":{"title":"PRODUCTS \/ TIE \/ SANGIORGIO - MARIO MUSCARIELLO \u00ae | Official Website MARIO MUSCARIELLO \u00a9","robots":{"index":"index","follow":"follow","max-snippet":"max-snippet:-1","max-image-preview":"max-image-preview:large","max-video-preview":"max-video-preview:-1"},"canonical":"https:\/\/mariomuscariello.us\/pt\/products-tie-3-folders\/","og_locale":"pt_BR","og_type":"article","og_title":"PRODUCTS \/ TIE \/ SANGIORGIO - MARIO MUSCARIELLO \u00ae | Official Website MARIO MUSCARIELLO \u00a9","og_description":"SAN GIORGIO Essential tradition, Neapolitan soul The \u201cSan Giorgio\u201d is our take on the classic three-fold tie, crafted without interlining and entirely sewn by hand \u2014 a nod to the understated elegance of Neapolitan tailoring and the rich heritage of San Giorgio a Cremano, once renowned for its refined neckwear craftsmanship. Its unlined and unstructured [&hellip;]","og_url":"https:\/\/mariomuscariello.us\/pt\/products-tie-3-folders\/","og_site_name":"MARIO MUSCARIELLO \u00ae | Official Website MARIO MUSCARIELLO \u00a9","article_publisher":"https:\/\/www.facebook.com\/mario.muscariello.52","article_modified_time":"2025-06-06T08:23:05+00:00","twitter_card":"summary_large_image","twitter_misc":{"Est. tempo de leitura":"1 minuto"},"schema":{"@context":"https:\/\/schema.org","@graph":[{"@type":"WebPage","@id":"https:\/\/mariomuscariello.us\/products-tie-3-folders\/","url":"https:\/\/mariomuscariello.us\/products-tie-3-folders\/","name":"PRODUCTS \/ TIE \/ SANGIORGIO - MARIO MUSCARIELLO \u00ae | Official Website MARIO MUSCARIELLO \u00a9","isPartOf":{"@id":"https:\/\/mariomuscariello.us\/#website"},"datePublished":"2025-06-05T22:15:33+00:00","dateModified":"2025-06-06T08:23:05+00:00","breadcrumb":{"@id":"https:\/\/mariomuscariello.us\/products-tie-3-folders\/#breadcrumb"},"inLanguage":"pt-BR","potentialAction":[{"@type":"ReadAction","target":["https:\/\/mariomuscariello.us\/products-tie-3-folders\/"]}]},{"@type":"BreadcrumbList","@id":"https:\/\/mariomuscariello.us\/products-tie-3-folders\/#breadcrumb","itemListElement":[{"@type":"ListItem","position":1,"name":"Home","item":"https:\/\/mariomuscariello.us\/"},{"@type":"ListItem","position":2,"name":"PRODUCTS \/ TIE \/ SANGIORGIO"}]},{"@type":"WebSite","@id":"https:\/\/mariomuscariello.us\/#website","url":"https:\/\/mariomuscariello.us\/","name":"MARIO MUSCARIELLO \u00ae | Official Website MARIO MUSCARIELLO \u00a9","description":"Neapolitan shirts. Handcrafted since 1890","publisher":{"@id":"https:\/\/mariomuscariello.us\/#organization"},"potentialAction":[{"@type":"SearchAction","target":{"@type":"EntryPoint","urlTemplate":"https:\/\/mariomuscariello.us\/?s={search_term_string}"},"query-input":{"@type":"PropertyValueSpecification","valueRequired":true,"valueName":"search_term_string"}}],"inLanguage":"pt-BR"},{"@type":"Organization","@id":"https:\/\/mariomuscariello.us\/#organization","name":"MARIO MUSCARIELLO","url":"https:\/\/mariomuscariello.us\/","logo":{"@type":"ImageObject","inLanguage":"pt-BR","@id":"https:\/\/mariomuscariello.us\/#\/schema\/logo\/image\/","url":"https:\/\/secureservercdn.net\/198.71.233.203\/r2e.500.myftpupload.com\/wp-content\/uploads\/2021\/12\/1623079571420.jpeg?time=1645377825","contentUrl":"https:\/\/secureservercdn.net\/198.71.233.203\/r2e.500.myftpupload.com\/wp-content\/uploads\/2021\/12\/1623079571420.jpeg?time=1645377825","width":800,"height":800,"caption":"MARIO MUSCARIELLO"},"image":{"@id":"https:\/\/mariomuscariello.us\/#\/schema\/logo\/image\/"},"sameAs":["https:\/\/www.facebook.com\/mario.muscariello.52","https:\/\/www.instagram.com\/mariomuscariello\/","https:\/\/www.linkedin.com\/in\/mario-muscariello-2b619268\/","https:\/\/ja.wikipedia.org\/wiki\/\u30de\u30ea\u30aa\u30fb\u30e0\u30b9\u30ab\u30ea\u30a8\u30c3\u30ed"]}]}},"jetpack_sharing_enabled":true,"_links":{"self":[{"href":"https:\/\/mariomuscariello.us\/pt\/wp-json\/wp\/v2\/pages\/5764","targetHints":{"allow":["GET"]}}],"collection":[{"href":"https:\/\/mariomuscariello.us\/pt\/wp-json\/wp\/v2\/pages"}],"about":[{"href":"https:\/\/mariomuscariello.us\/pt\/wp-json\/wp\/v2\/types\/page"}],"author":[{"embeddable":true,"href":"https:\/\/mariomuscariello.us\/pt\/wp-json\/wp\/v2\/users\/1"}],"replies":[{"embeddable":true,"href":"https:\/\/mariomuscariello.us\/pt\/wp-json\/wp\/v2\/comments?post=5764"}],"version-history":[{"count":15,"href":"https:\/\/mariomuscariello.us\/pt\/wp-json\/wp\/v2\/pages\/5764\/revisions"}],"predecessor-version":[{"id":5990,"href":"https:\/\/mariomuscariello.us\/pt\/wp-json\/wp\/v2\/pages\/5764\/revisions\/5990"}],"wp:attachment":[{"href":"https:\/\/mariomuscariello.us\/pt\/wp-json\/wp\/v2\/media?parent=5764"}],"curies":[{"name":"wp","href":"https:\/\/api.w.org\/{rel}","templated":true}]}}